{"id":60055,"date":"2024-07-23T11:27:45","date_gmt":"2024-07-23T09:27:45","guid":{"rendered":"https:\/\/www.metals.it\/?page_id=60055"},"modified":"2024-12-16T11:40:48","modified_gmt":"2024-12-16T10:40:48","slug":"supply-chain","status":"publish","type":"page","link":"https:\/\/www.metals.it\/sv\/supply-chain\/","title":{"rendered":"Supply Chain"},"content":{"rendered":"<div data-elementor-type=\"wp-page\" data-elementor-id=\"60055\" class=\"elementor elementor-60055\" data-elementor-post-type=\"page\">\n\t\t\t\t<div class=\"elementor-element elementor-element-2cfc96e e-flex e-con-boxed e-con e-parent\" data-id=\"2cfc96e\" data-element_type=\"container\" data-e-type=\"container\" data-settings=\"{&quot;background_background&quot;:&quot;gradient&quot;}\">\n\t\t\t\t\t<div class=\"e-con-inner\">\n\t\t<div class=\"elementor-element elementor-element-fe90e4a e-flex e-con-boxed e-con e-child\" data-id=\"fe90e4a\" data-element_type=\"container\" data-e-type=\"container\" data-settings=\"{&quot;background_background&quot;:&quot;classic&quot;}\">\n\t\t\t\t\t<div class=\"e-con-inner\">\n\t\t\t\t<div class=\"elementor-element elementor-element-69eb0d7 elementor-widget elementor-widget-heading\" data-id=\"69eb0d7\" data-element_type=\"widget\" data-e-type=\"widget\" data-widget_type=\"heading.default\">\n\t\t\t\t<div class=\"elementor-widget-container\">\n\t\t\t\t\t<h1 class=\"elementor-heading-title elementor-size-default\">Supply Chain<\/h1>\t\t\t\t<\/div>\n\t\t\t\t<\/div>\n\t\t\t\t<div class=\"elementor-element elementor-element-0cdb193 elementor-widget elementor-widget-shortcode\" data-id=\"0cdb193\" data-element_type=\"widget\" data-e-type=\"widget\" data-widget_type=\"shortcode.default\">\n\t\t\t\t<div class=\"elementor-widget-container\">\n\t\t\t\t\t\t\t<div class=\"elementor-shortcode\"><\/div>\n\t\t\t\t\t\t<\/div>\n\t\t\t\t<\/div>\n\t\t\t\t\t<\/div>\n\t\t\t\t<\/div>\n\t\t\t\t\t<\/div>\n\t\t\t\t<\/div>\n\t\t<div class=\"elementor-element elementor-element-f2fc919 e-con-full e-flex e-con e-parent\" data-id=\"f2fc919\" data-element_type=\"container\" data-e-type=\"container\">\n\t\t<div class=\"elementor-element elementor-element-dc4feaa e-con-full e-flex elementor-invisible e-con e-child\" data-id=\"dc4feaa\" data-element_type=\"container\" data-e-type=\"container\" data-settings=\"{&quot;background_background&quot;:&quot;classic&quot;,&quot;animation&quot;:&quot;fadeInLeft&quot;}\">\n\t\t\t\t<\/div>\n\t\t<div class=\"elementor-element elementor-element-1f14892 e-con-full e-flex elementor-invisible e-con e-child\" data-id=\"1f14892\" data-element_type=\"container\" data-e-type=\"container\" data-settings=\"{&quot;animation&quot;:&quot;fadeInRight&quot;}\">\n\t\t\t\t<div class=\"elementor-element elementor-element-cb973f0 elementor-widget elementor-widget-heading\" data-id=\"cb973f0\" data-element_type=\"widget\" data-e-type=\"widget\" data-widget_type=\"heading.default\">\n\t\t\t\t<div class=\"elementor-widget-container\">\n\t\t\t\t\t<h2 class=\"elementor-heading-title elementor-size-default\">Gestione completa della catena di fornitura<\/h2>\t\t\t\t<\/div>\n\t\t\t\t<\/div>\n\t\t\t\t<div class=\"elementor-element elementor-element-92d8188 elementor-widget elementor-widget-text-editor\" data-id=\"92d8188\" data-element_type=\"widget\" data-e-type=\"widget\" data-widget_type=\"text-editor.default\">\n\t\t\t\t<div class=\"elementor-widget-container\">\n\t\t\t\t\t\t\t\t\t<p><span style=\"font-weight: 400;\">Gestiamo tutta la catena di fornitura, curando ogni fase dalla progettazione alla consegna finale: un\u2019attivit\u00e0 che <\/span><b>semplifica notevolmente il processo di approvvigionamento<\/b><span style=\"font-weight: 400;\"> dei nostri clienti. Offriamo un servizio strutturato che include consulenza tecnica, progettazione, ingegnerizzazione, acquisto delle materie prime, coordinamento dei fornitori, produzione lean, montaggio e test finale. Affidandoti a noi, puoi concentrarti sul tuo core business, lasciando a Metal&#8217;s la <\/span><b>gestione della produzione dei tuoi componenti e della logistica<\/b>.<\/p>\t\t\t\t\t\t\t\t<\/div>\n\t\t\t\t<\/div>\n\t\t\t\t<\/div>\n\t\t\t\t<\/div>\n\t\t<div class=\"elementor-element elementor-element-4504203 e-con-full e-flex e-con e-parent\" data-id=\"4504203\" data-element_type=\"container\" data-e-type=\"container\">\n\t\t<div class=\"elementor-element elementor-element-ecd3aa7 e-con-full e-flex elementor-invisible e-con e-child\" data-id=\"ecd3aa7\" data-element_type=\"container\" data-e-type=\"container\" data-settings=\"{&quot;animation&quot;:&quot;fadeInLeft&quot;}\">\n\t\t\t\t<div class=\"elementor-element elementor-element-897e9e4 elementor-widget elementor-widget-heading\" data-id=\"897e9e4\" data-element_type=\"widget\" data-e-type=\"widget\" data-widget_type=\"heading.default\">\n\t\t\t\t<div class=\"elementor-widget-container\">\n\t\t\t\t\t<h3 class=\"elementor-heading-title elementor-size-default\">L\u2019esperienza di un partner specializzato\n<\/h3>\t\t\t\t<\/div>\n\t\t\t\t<\/div>\n\t\t\t\t<div class=\"elementor-element elementor-element-636d5c0 elementor-widget elementor-widget-text-editor\" data-id=\"636d5c0\" data-element_type=\"widget\" data-e-type=\"widget\" data-widget_type=\"text-editor.default\">\n\t\t\t\t<div class=\"elementor-widget-container\">\n\t\t\t\t\t\t\t\t\t<p><span style=\"font-weight: 400;\">Scegliere Metal&#8217;s significa collaborare con un unico partner in grado di <\/span><b>gestire diverse tecnologie produttive e settori industriali<\/b><span style=\"font-weight: 400;\">. Grazie alla nostra esperienza, ti offriamo soluzioni personalizzate per ogni esigenza aziendale, verticalizzando con precisione le <\/span><b>catene di fornitura complesse<\/b><span style=\"font-weight: 400;\"> e specializzate.<\/span><\/p>\t\t\t\t\t\t\t\t<\/div>\n\t\t\t\t<\/div>\n\t\t\t\t<\/div>\n\t\t<div class=\"elementor-element elementor-element-36f391b e-con-full e-flex elementor-invisible e-con e-child\" data-id=\"36f391b\" data-element_type=\"container\" data-e-type=\"container\" data-settings=\"{&quot;background_background&quot;:&quot;classic&quot;,&quot;animation&quot;:&quot;fadeInRight&quot;}\">\n\t\t\t\t<\/div>\n\t\t\t\t<\/div>\n\t\t<div class=\"elementor-element elementor-element-0ce6621 e-con-full e-flex e-con e-parent\" data-id=\"0ce6621\" data-element_type=\"container\" data-e-type=\"container\">\n\t\t<div class=\"elementor-element elementor-element-7c0b0e8 e-con-full e-flex elementor-invisible e-con e-child\" data-id=\"7c0b0e8\" data-element_type=\"container\" data-e-type=\"container\" data-settings=\"{&quot;background_background&quot;:&quot;classic&quot;,&quot;animation&quot;:&quot;fadeInLeft&quot;}\">\n\t\t\t\t<\/div>\n\t\t<div class=\"elementor-element elementor-element-9e5c4b2 e-con-full e-flex elementor-invisible e-con e-child\" data-id=\"9e5c4b2\" data-element_type=\"container\" data-e-type=\"container\" data-settings=\"{&quot;animation&quot;:&quot;fadeInRight&quot;}\">\n\t\t\t\t<div class=\"elementor-element elementor-element-64bc371 elementor-widget elementor-widget-heading\" data-id=\"64bc371\" data-element_type=\"widget\" data-e-type=\"widget\" data-widget_type=\"heading.default\">\n\t\t\t\t<div class=\"elementor-widget-container\">\n\t\t\t\t\t<h3 class=\"elementor-heading-title elementor-size-default\">Logistica e movimentazione efficiente\n<\/h3>\t\t\t\t<\/div>\n\t\t\t\t<\/div>\n\t\t\t\t<div class=\"elementor-element elementor-element-6eb0592 elementor-widget elementor-widget-text-editor\" data-id=\"6eb0592\" data-element_type=\"widget\" data-e-type=\"widget\" data-widget_type=\"text-editor.default\">\n\t\t\t\t<div class=\"elementor-widget-container\">\n\t\t\t\t\t\t\t\t\t<p><span style=\"font-weight: 400;\">In azienda abbiamo dedicato ampi spazi alla <\/span><b>logistica e alla movimentazione<\/b><span style=\"font-weight: 400;\">, mantenendoli aggiornati con le <\/span><b>tecnologie pi\u00f9 avanzate<\/b><span style=\"font-weight: 400;\">. I nostri sistemi di stoccaggio garantiscono una gestione efficiente, permettendoci di movimentare e immagazzinare merci anche di grandi\u00a0 dimensioni con facilit\u00e0.<\/span><\/p>\t\t\t\t\t\t\t\t<\/div>\n\t\t\t\t<\/div>\n\t\t\t\t<div class=\"elementor-element elementor-element-0c3239b elementor-widget elementor-widget-heading\" data-id=\"0c3239b\" data-element_type=\"widget\" data-e-type=\"widget\" data-widget_type=\"heading.default\">\n\t\t\t\t<div class=\"elementor-widget-container\">\n\t\t\t\t\t<h3 class=\"elementor-heading-title elementor-size-default\">Gestione di spedizioni nazionali e internazionali<\/h3>\t\t\t\t<\/div>\n\t\t\t\t<\/div>\n\t\t\t\t<div class=\"elementor-element elementor-element-06eca55 elementor-widget elementor-widget-text-editor\" data-id=\"06eca55\" data-element_type=\"widget\" data-e-type=\"widget\" data-widget_type=\"text-editor.default\">\n\t\t\t\t<div class=\"elementor-widget-container\">\n\t\t\t\t\t\t\t\t\t<p><span style=\"font-weight: 400;\">Ti supportiamo in ogni fase delle<\/span><b> spedizioni, sia nazionali che internazionali<\/b><span style=\"font-weight: 400;\">, curando ogni dettaglio, dall&#8217;<\/span><b>organizzazione del trasporto<\/b><span style=\"font-weight: 400;\"> alla <\/span><b>preparazione dell&#8217;imballo<\/b><span style=\"font-weight: 400;\"> fino alla<\/span><b> gestione delle pratiche doganali<\/b><span style=\"font-weight: 400;\">,<\/span> <span style=\"font-weight: 400;\">assicurandoci che tutte le normative siano rispettate. Grazie alla nostra vasta rete di partner e spedizionieri, ti garantiamo <\/span><b>consegne tempestive e affidabili <\/b><span style=\"font-weight: 400;\">in tutto il mondo, ottimizzando tempi e costi.<\/span><\/p>\t\t\t\t\t\t\t\t<\/div>\n\t\t\t\t<\/div>\n\t\t\t\t<\/div>\n\t\t\t\t<\/div>\n\t\t<div class=\"elementor-element elementor-element-da7d91a e-con-full e-flex e-con e-parent\" data-id=\"da7d91a\" data-element_type=\"container\" data-e-type=\"container\">\n\t\t<div class=\"elementor-element elementor-element-3908e7c e-con-full e-flex elementor-invisible e-con e-child\" data-id=\"3908e7c\" data-element_type=\"container\" data-e-type=\"container\" data-settings=\"{&quot;animation&quot;:&quot;fadeInLeft&quot;}\">\n\t\t\t\t<div class=\"elementor-element elementor-element-138c59e elementor-widget elementor-widget-heading\" data-id=\"138c59e\" data-element_type=\"widget\" data-e-type=\"widget\" data-widget_type=\"heading.default\">\n\t\t\t\t<div class=\"elementor-widget-container\">\n\t\t\t\t\t<h3 class=\"elementor-heading-title elementor-size-default\">Soluzioni personalizzate per imballaggi sicuri<\/h3>\t\t\t\t<\/div>\n\t\t\t\t<\/div>\n\t\t\t\t<div class=\"elementor-element elementor-element-34d9d83 elementor-widget elementor-widget-text-editor\" data-id=\"34d9d83\" data-element_type=\"widget\" data-e-type=\"widget\" data-widget_type=\"text-editor.default\">\n\t\t\t\t<div class=\"elementor-widget-container\">\n\t\t\t\t\t\t\t\t\t<p><span style=\"font-weight: 400;\">Oltre alla logistica, ci occupiamo anche degli <\/span><b>imballaggi e delle pratiche doganali<\/b><span style=\"font-weight: 400;\">. Collaboriamo con i nostri clienti per sviluppare <\/span><b>soluzioni di imballaggio su misura<\/b><span style=\"font-weight: 400;\">, garantendo la <\/span><b>massima sicurezza<\/b><span style=\"font-weight: 400;\"> durante il trasporto. Il nostro impegno \u00e8 consegnare i pezzi ordinati direttamente presso il tuo stabilimento, nei tempi e nelle quantit\u00e0 richieste, assicurandoti la massima comodit\u00e0 e convenienza.<\/span><\/p>\t\t\t\t\t\t\t\t<\/div>\n\t\t\t\t<\/div>\n\t\t\t\t<\/div>\n\t\t<div class=\"elementor-element elementor-element-78e25ab e-con-full e-flex elementor-invisible e-con e-child\" data-id=\"78e25ab\" data-element_type=\"container\" data-e-type=\"container\" data-settings=\"{&quot;background_background&quot;:&quot;classic&quot;,&quot;animation&quot;:&quot;fadeInRight&quot;}\">\n\t\t\t\t<\/div>\n\t\t\t\t<\/div>\n\t\t<div class=\"elementor-element elementor-element-4e1fcab e-flex e-con-boxed e-con e-parent\" data-id=\"4e1fcab\" data-element_type=\"container\" data-e-type=\"container\">\n\t\t\t\t\t<div class=\"e-con-inner\">\n\t\t\t\t<div class=\"elementor-element elementor-element-34d6551 elementor-widget elementor-widget-template\" data-id=\"34d6551\" data-element_type=\"widget\" data-e-type=\"widget\" data-widget_type=\"template.default\">\n\t\t\t\t<div class=\"elementor-widget-container\">\n\t\t\t\t\t\t\t<div class=\"elementor-template\">\n\t\t\t\t\t<div data-elementor-type=\"section\" data-elementor-id=\"9186\" class=\"elementor elementor-9186\" data-elementor-post-type=\"elementor_library\">\n\t\t\t<div class=\"elementor-element elementor-element-5dc0450 e-flex e-con-boxed e-con e-parent\" data-id=\"5dc0450\" data-element_type=\"container\" data-e-type=\"container\">\n\t\t\t\t\t<div class=\"e-con-inner\">\n\t\t\t\t<div class=\"elementor-element elementor-element-9bf8f8a elementor-widget elementor-widget-heading\" data-id=\"9bf8f8a\" data-element_type=\"widget\" data-e-type=\"widget\" data-widget_type=\"heading.default\">\n\t\t\t\t<div class=\"elementor-widget-container\">\n\t\t\t\t\t<div class=\"elementor-heading-title elementor-size-default\">Prenumerera p\u00e5 nyhetsbrev<\/div>\t\t\t\t<\/div>\n\t\t\t\t<\/div>\n\t\t\t\t<div class=\"elementor-element elementor-element-8c3d950 elementor-widget elementor-widget-heading\" data-id=\"8c3d950\" data-element_type=\"widget\" data-e-type=\"widget\" data-widget_type=\"heading.default\">\n\t\t\t\t<div class=\"elementor-widget-container\">\n\t\t\t\t\t<div class=\"elementor-heading-title elementor-size-default\">H\u00e5ll dig uppdaterad med de senaste nyheterna fr\u00e5n Metal's<\/div>\t\t\t\t<\/div>\n\t\t\t\t<\/div>\n\t\t\t\t<div class=\"elementor-element elementor-element-b4c97f4 elementor-widget elementor-widget-html\" data-id=\"b4c97f4\" data-element_type=\"widget\" data-e-type=\"widget\" data-widget_type=\"html.default\">\n\t\t\t\t<div class=\"elementor-widget-container\">\n\t\t\t\t\t<form style=\"BACKGROUND-COLOR: #ffffff;\" action=\"https:\/\/c8f4e.emailsp.com\/frontend\/subscribe.aspx\">\r\n    <div class=\"space-newsletter\" style=\"padding-top: 50px;\">\r\n        <ul style=\"padding-left: 0; padding-right: 0;\">\r\n            <li style=\"padding-left: 0; padding-right: 0;\">\r\n                <input class=\"form\" rel=\"1\" name=\"campo1\" id=\"campo1\" type=\"text\" placeholder=\"Ange ditt namn\" required=\"required\" style=\"font-size: inherit; font-weight: 600;\"\/>\r\n            <\/li>\r\n            <li style=\"padding-left: 0; padding-right: 0;\">\r\n                <input class=\"form\" name=\"email\" id=\"email\" type=\"email\" placeholder=\"Ange din e-postadress\" maxlength=\"200\" required=\"required\" style=\"font-size: inherit; font-weight: 600;\"\/>\r\n            <\/li>\r\n            <li style=\"padding-left: 0; padding-right: 0;\">\r\n                <button type=\"submit\" name=\"submit\" value=\"true\" style=\"text-transform: uppercase; color: #000; background: none; border: none; cursor: pointer;\">\r\n                    <span class=\"btn-read-more\">Registrera dig<\/span>\r\n                <\/button>\r\n            <\/li>\r\n        <\/ul>\r\n        <div style=\"margin-top: 15px;\">\r\n            <label>\r\n                <input style=\"margin-right: 10px;\" type=\"checkbox\" name=\"privacy\" required=\"required\">Jag f\u00f6rs\u00e4krar att jag har l\u00e4st och f\u00f6rst\u00e5tt informationen om behandling av personuppgifter, som finns tillg\u00e4nglig p\u00e5\r\n            <\/label>\r\n            <a target=\"_blank\" href=\"\/sv\/privacy-policy\/\"><u> Integritetspolicy<\/u><\/a>\r\n        <\/div>\r\n    <\/div>\r\n    <input type=\"hidden\" name=\"list\" value=\"1\">\r\n    <input type=\"hidden\" id=\"apgroup\" name=\"apgroup\" value=\"154\">\r\n<\/form>\t\t\t\t<\/div>\n\t\t\t\t<\/div>\n\t\t\t\t\t<\/div>\n\t\t\t\t<\/div>\n\t\t\t\t<\/div>\n\t\t\t\t<\/div>\n\t\t\t\t\t\t<\/div>\n\t\t\t\t<\/div>\n\t\t\t\t\t<\/div>\n\t\t\t\t<\/div>\n\t\t\t\t<\/div>","protected":false},"excerpt":{"rendered":"<p>Gestione completa della catena di fornitura Gestiamo tutta la catena di fornitura, curando ogni fase dalla progettazione alla consegna finale: un\u2019attivit\u00e0 che semplifica notevolmente il processo di approvvigionamento dei nostri clienti. Offriamo un servizio strutturato che include consulenza tecnica, progettazione, ingegnerizzazione, acquisto delle materie prime, coordinamento dei fornitori, produzione lean, montaggio e test finale. Affidandoti [&hellip;]<\/p>\n","protected":false},"author":1,"featured_media":0,"parent":0,"menu_order":0,"comment_status":"closed","ping_status":"closed","template":"","meta":{"_acf_changed":false,"footnotes":""},"class_list":["post-60055","page","type-page","status-publish","hentry"],"acf":[],"_links":{"self":[{"href":"https:\/\/www.metals.it\/sv\/wp-json\/wp\/v2\/pages\/60055","targetHints":{"allow":["GET"]}}],"collection":[{"href":"https:\/\/www.metals.it\/sv\/wp-json\/wp\/v2\/pages"}],"about":[{"href":"https:\/\/www.metals.it\/sv\/wp-json\/wp\/v2\/types\/page"}],"author":[{"embeddable":true,"href":"https:\/\/www.metals.it\/sv\/wp-json\/wp\/v2\/users\/1"}],"replies":[{"embeddable":true,"href":"https:\/\/www.metals.it\/sv\/wp-json\/wp\/v2\/comments?post=60055"}],"version-history":[{"count":0,"href":"https:\/\/www.metals.it\/sv\/wp-json\/wp\/v2\/pages\/60055\/revisions"}],"wp:attachment":[{"href":"https:\/\/www.metals.it\/sv\/wp-json\/wp\/v2\/media?parent=60055"}],"curies":[{"name":"wp","href":"https:\/\/api.w.org\/{rel}","templated":true}]}}