{"id":2863,"date":"2022-03-03T15:00:34","date_gmt":"2022-03-03T15:00:34","guid":{"rendered":"http:\/\/metals"},"modified":"2025-04-02T11:52:48","modified_gmt":"2025-04-02T09:52:48","slug":"green-mission","status":"publish","type":"page","link":"https:\/\/www.metals.it\/sv\/green-mission\/","title":{"rendered":"Green Mission"},"content":{"rendered":"<div data-elementor-type=\"wp-page\" data-elementor-id=\"2863\" class=\"elementor elementor-2863\" data-elementor-post-type=\"page\">\n\t\t\t\t<div class=\"elementor-element elementor-element-7facb89 e-con-full e-flex elementor-invisible e-con e-parent\" data-id=\"7facb89\" data-element_type=\"container\" data-e-type=\"container\" data-settings=\"{&quot;animation&quot;:&quot;fadeIn&quot;}\">\n\t\t\t\t<div class=\"elementor-element elementor-element-3c7c1d4 elementor-widget elementor-widget-image\" data-id=\"3c7c1d4\" data-element_type=\"widget\" data-e-type=\"widget\" data-widget_type=\"image.default\">\n\t\t\t\t<div class=\"elementor-widget-container\">\n\t\t\t\t\t\t\t\t\t\t\t\t\t\t\t<img fetchpriority=\"high\" decoding=\"async\" width=\"1536\" height=\"412\" src=\"https:\/\/www.metals.it\/wp-content\/smush-webp\/2024\/03\/Metals-GreenMission.jpg.webp\" class=\"attachment-full size-full wp-image-51143\" alt=\"Metaller GreenMission\" srcset=\"https:\/\/www.metals.it\/wp-content\/smush-webp\/2024\/03\/Metals-GreenMission.jpg.webp 1536w, https:\/\/www.metals.it\/wp-content\/smush-webp\/2024\/03\/Metals-GreenMission-300x80.jpg.webp 300w, https:\/\/www.metals.it\/wp-content\/smush-webp\/2024\/03\/Metals-GreenMission-1024x275.jpg.webp 1024w, https:\/\/www.metals.it\/wp-content\/smush-webp\/2024\/03\/Metals-GreenMission-768x206.jpg.webp 768w, https:\/\/www.metals.it\/wp-content\/smush-webp\/2024\/03\/Metals-GreenMission-18x5.jpg.webp 18w\" sizes=\"(max-width: 1536px) 100vw, 1536px\" data-smush-webp-fallback=\"{&quot;src&quot;:&quot;https:\\\/\\\/www.metals.it\\\/wp-content\\\/uploads\\\/2024\\\/03\\\/Metals-GreenMission.jpg&quot;,&quot;srcset&quot;:&quot;https:\\\/\\\/www.metals.it\\\/wp-content\\\/uploads\\\/2024\\\/03\\\/Metals-GreenMission.jpg 1536w, https:\\\/\\\/www.metals.it\\\/wp-content\\\/uploads\\\/2024\\\/03\\\/Metals-GreenMission-300x80.jpg 300w, https:\\\/\\\/www.metals.it\\\/wp-content\\\/uploads\\\/2024\\\/03\\\/Metals-GreenMission-1024x275.jpg 1024w, https:\\\/\\\/www.metals.it\\\/wp-content\\\/uploads\\\/2024\\\/03\\\/Metals-GreenMission-768x206.jpg 768w, https:\\\/\\\/www.metals.it\\\/wp-content\\\/uploads\\\/2024\\\/03\\\/Metals-GreenMission-18x5.jpg 18w&quot;}\" \/>\t\t\t\t\t\t\t\t\t\t\t\t\t\t\t<\/div>\n\t\t\t\t<\/div>\n\t\t\t\t<\/div>\n\t\t<div class=\"elementor-element elementor-element-420cc33 e-flex e-con-boxed e-con e-parent\" data-id=\"420cc33\" data-element_type=\"container\" data-e-type=\"container\">\n\t\t\t\t\t<div class=\"e-con-inner\">\n\t\t<div class=\"elementor-element elementor-element-ed5966c e-flex e-con-boxed e-con e-child\" data-id=\"ed5966c\" data-element_type=\"container\" data-e-type=\"container\" data-settings=\"{&quot;background_background&quot;:&quot;classic&quot;}\">\n\t\t\t\t\t<div class=\"e-con-inner\">\n\t\t\t\t<div class=\"elementor-element elementor-element-a50f205 elementor-widget elementor-widget-heading\" data-id=\"a50f205\" data-element_type=\"widget\" data-e-type=\"widget\" data-widget_type=\"heading.default\">\n\t\t\t\t<div class=\"elementor-widget-container\">\n\t\t\t\t\t<h1 class=\"elementor-heading-title elementor-size-default\">Green Mission<\/h1>\t\t\t\t<\/div>\n\t\t\t\t<\/div>\n\t\t\t\t<div class=\"elementor-element elementor-element-0f6b089 elementor-widget elementor-widget-shortcode\" data-id=\"0f6b089\" data-element_type=\"widget\" data-e-type=\"widget\" data-widget_type=\"shortcode.default\">\n\t\t\t\t<div class=\"elementor-widget-container\">\n\t\t\t\t\t\t\t<div class=\"elementor-shortcode\"><\/div>\n\t\t\t\t\t\t<\/div>\n\t\t\t\t<\/div>\n\t\t\t\t\t<\/div>\n\t\t\t\t<\/div>\n\t\t\t\t\t<\/div>\n\t\t\t\t<\/div>\n\t\t<div class=\"elementor-element elementor-element-01f1746 e-con-full e-flex e-con e-parent\" data-id=\"01f1746\" data-element_type=\"container\" data-e-type=\"container\">\n\t\t\t\t<div class=\"elementor-element elementor-element-e9b0f5b elementor-widget elementor-widget-text-editor\" data-id=\"e9b0f5b\" data-element_type=\"widget\" data-e-type=\"widget\" data-widget_type=\"text-editor.default\">\n\t\t\t\t<div class=\"elementor-widget-container\">\n\t\t\t\t\t\t\t\t\t<p>P\u00e5 Metal's har vi valt att anta och implementera goda h\u00e5llbara metoder under flera \u00e5r.<\/p><p>Vi b\u00f6rjade med sm\u00e5 gester i vardagen, som att sortera avfall och minska plastf\u00f6rpackningarna, till att inf\u00f6ra energibesparande \u00e5tg\u00e4rder med installation av solcellspaneler, hybridmaskiner, en kv\u00e4vegenerator och inf\u00f6randet av ett certifierat milj\u00f6ledningssystem.<\/p><p>Detta, i enlighet med de riktlinjer som anges i ISO 14001-standarden, g\u00f6r att vi kan <strong>s\u00e4kerst\u00e4lla kontinuerlig \u00f6vervakning av milj\u00f6p\u00e5verkan fr\u00e5n v\u00e5r verksamhet<\/strong>systematisk forskning f\u00f6r kontinuerlig, konsekvent, effektiv och framf\u00f6r allt h\u00e5llbar f\u00f6rb\u00e4ttring.<\/p><p>Investeringar som har gjort det m\u00f6jligt f\u00f6r oss att producera gr\u00f6n energi och minska v\u00e5ra koldioxidutsl\u00e4pp i atmosf\u00e4ren, till den grad att vi har uppn\u00e5tt n\u00e4stan total energiautonomi. N\u00e4sta steg, som vi \u00e4r entusiastiska och stolta \u00f6ver, \u00e4r <strong>m\u00e4ta v\u00e5rt \"koldioxidavtryck<\/strong> och 2025 publicera Metals f\u00f6rsta h\u00e5llbarhetsrapport: ett val som ocks\u00e5 \u00e4r ett resultat av v\u00e5ra kunders drivkraft, som blir alltmer medvetna om milj\u00f6m\u00e4ssig h\u00e5llbarhet och ESG-fr\u00e5gor i allm\u00e4nhet.<\/p><p><strong>V\u00e4gen \u00e4r ambiti\u00f6s och \u00e4r redan planerad f\u00f6r de kommande tv\u00e5 \u00e5ren<\/strong>och \u00e4r den naturliga konsekvensen av de gr\u00f6na val som har lett oss fram till dagens resultat.<\/p>\t\t\t\t\t\t\t\t<\/div>\n\t\t\t\t<\/div>\n\t\t\t\t<div class=\"elementor-element elementor-element-d255c61 elementor-widget elementor-widget-heading\" data-id=\"d255c61\" data-element_type=\"widget\" data-e-type=\"widget\" data-widget_type=\"heading.default\">\n\t\t\t\t<div class=\"elementor-widget-container\">\n\t\t\t\t\t<h2 class=\"elementor-heading-title elementor-size-default\">Koldioxidavtryck<\/h2>\t\t\t\t<\/div>\n\t\t\t\t<\/div>\n\t\t\t\t<div class=\"elementor-element elementor-element-7057489 elementor-widget elementor-widget-text-editor\" data-id=\"7057489\" data-element_type=\"widget\" data-e-type=\"widget\" data-widget_type=\"text-editor.default\">\n\t\t\t\t<div class=\"elementor-widget-container\">\n\t\t\t\t\t\t\t\t\t<p>Vi b\u00f6rjade med att m\u00e4ta v\u00e5rt koldioxidavtryck, dvs. den m\u00e4ngd koldioxid som Metal's sl\u00e4pper ut i atmosf\u00e4ren, b\u00e5de direkt och indirekt, f\u00f6r att <strong>utveckla en h\u00e5llbarhetsplan som g\u00f6r det m\u00f6jligt f\u00f6r oss att minska v\u00e5r milj\u00f6p\u00e5verkan ytterligare<\/strong>.<\/p><p>En analys som involverar Metals och \u00e4ven v\u00e5ra leverant\u00f6rer, som uppmanas att visa sitt engagemang f\u00f6r milj\u00f6m\u00e4ssig h\u00e5llbarhet.<\/p><p><b>Metal's Green Mission \u00e4r, nu mer \u00e4n n\u00e5gonsin, under st\u00e4ndig utveckling.<\/b><\/p>\t\t\t\t\t\t\t\t<\/div>\n\t\t\t\t<\/div>\n\t\t\t\t<div class=\"elementor-element elementor-element-26a12d0 elementor-invisible elementor-widget elementor-widget-image\" data-id=\"26a12d0\" data-element_type=\"widget\" data-e-type=\"widget\" data-settings=\"{&quot;_animation&quot;:&quot;fadeIn&quot;}\" data-widget_type=\"image.default\">\n\t\t\t\t<div class=\"elementor-widget-container\">\n\t\t\t\t\t\t\t\t\t\t\t\t\t\t\t<img decoding=\"async\" width=\"1933\" height=\"707\" src=\"https:\/\/www.metals.it\/wp-content\/smush-webp\/2024\/08\/infografica-2-risultati.png.webp\" class=\"attachment-full size-full wp-image-61993\" alt=\"infografik 2 resultat\" srcset=\"https:\/\/www.metals.it\/wp-content\/smush-webp\/2024\/08\/infografica-2-risultati.png.webp 1933w, https:\/\/www.metals.it\/wp-content\/smush-webp\/2024\/08\/infografica-2-risultati-300x110.png.webp 300w, https:\/\/www.metals.it\/wp-content\/smush-webp\/2024\/08\/infografica-2-risultati-1024x375.png.webp 1024w, https:\/\/www.metals.it\/wp-content\/smush-webp\/2024\/08\/infografica-2-risultati-768x281.png.webp 768w, https:\/\/www.metals.it\/wp-content\/smush-webp\/2024\/08\/infografica-2-risultati-1536x562.png.webp 1536w, https:\/\/www.metals.it\/wp-content\/smush-webp\/2024\/08\/infografica-2-risultati-18x7.png.webp 18w\" sizes=\"auto, (max-width: 1933px) 100vw, 1933px\" loading=\"lazy\" data-smush-webp-fallback=\"{&quot;src&quot;:&quot;https:\\\/\\\/www.metals.it\\\/wp-content\\\/uploads\\\/2024\\\/08\\\/infografica-2-risultati.png&quot;,&quot;srcset&quot;:&quot;https:\\\/\\\/www.metals.it\\\/wp-content\\\/uploads\\\/2024\\\/08\\\/infografica-2-risultati.png 1933w, https:\\\/\\\/www.metals.it\\\/wp-content\\\/uploads\\\/2024\\\/08\\\/infografica-2-risultati-300x110.png 300w, https:\\\/\\\/www.metals.it\\\/wp-content\\\/uploads\\\/2024\\\/08\\\/infografica-2-risultati-1024x375.png 1024w, https:\\\/\\\/www.metals.it\\\/wp-content\\\/uploads\\\/2024\\\/08\\\/infografica-2-risultati-768x281.png 768w, https:\\\/\\\/www.metals.it\\\/wp-content\\\/uploads\\\/2024\\\/08\\\/infografica-2-risultati-1536x562.png 1536w, https:\\\/\\\/www.metals.it\\\/wp-content\\\/uploads\\\/2024\\\/08\\\/infografica-2-risultati-18x7.png 18w&quot;}\" \/>\t\t\t\t\t\t\t\t\t\t\t\t\t\t\t<\/div>\n\t\t\t\t<\/div>\n\t\t\t\t<\/div>\n\t\t<div class=\"elementor-element elementor-element-524a840 e-flex e-con-boxed e-con e-parent\" data-id=\"524a840\" data-element_type=\"container\" data-e-type=\"container\">\n\t\t\t\t\t<div class=\"e-con-inner\">\n\t\t\t\t<div class=\"elementor-element elementor-element-887ffc9 elementor-grid-1 elementor-posts--thumbnail-none elementor-posts--align-left elementor-grid-tablet-2 elementor-grid-mobile-1 elementor-widget elementor-widget-posts\" data-id=\"887ffc9\" data-element_type=\"widget\" data-e-type=\"widget\" data-settings=\"{&quot;classic_columns&quot;:&quot;1&quot;,&quot;classic_row_gap&quot;:{&quot;unit&quot;:&quot;px&quot;,&quot;size&quot;:20,&quot;sizes&quot;:[]},&quot;classic_columns_tablet&quot;:&quot;2&quot;,&quot;classic_columns_mobile&quot;:&quot;1&quot;,&quot;classic_row_gap_tablet&quot;:{&quot;unit&quot;:&quot;px&quot;,&quot;size&quot;:&quot;&quot;,&quot;sizes&quot;:[]},&quot;classic_row_gap_mobile&quot;:{&quot;unit&quot;:&quot;px&quot;,&quot;size&quot;:&quot;&quot;,&quot;sizes&quot;:[]}}\" data-widget_type=\"posts.classic\">\n\t\t\t\t<div class=\"elementor-widget-container\">\n\t\t\t\t\t\t\t<div class=\"elementor-posts-container elementor-posts elementor-posts--skin-classic elementor-grid\" role=\"list\">\n\t\t\t\t<article class=\"elementor-post elementor-grid-item post-65726 post type-post status-publish format-standard has-post-thumbnail hentry category-approfondimenti category-green-mission\" role=\"listitem\">\n\t\t\t\t<div class=\"elementor-post__text\">\n\t\t\t\t<div class=\"elementor-post__title\">\n\t\t\t<a href=\"https:\/\/www.metals.it\/sv\/aumentare-durata-assiemi-complessi-acciaio-inox\/\" >\n\t\t\t\tRostfritt st\u00e5l i tillverkade varor: hur kan man \u00f6ka h\u00e5llbarheten?\t\t\t<\/a>\n\t\t<\/div>\n\t\t\t\t<div class=\"elementor-post__excerpt\">\n\t\t\t<p>Att \u00f6ka livsl\u00e4ngden p\u00e5 komplexa f\u00f6rem\u00e5l och enheter tillverkade av rostfritt st\u00e5l \u00e4r ett viktigt alternativ f\u00f6r dem som vill erbjuda produkter av h\u00f6g kvalitet som t\u00e5l slitage och tid. St\u00e5l best\u00e5r i sj\u00e4lva verket av varierande m\u00e4ngder metaller som j\u00e4rn och kol, samt nickel<\/p>\n\t\t<\/div>\n\t\t\n\t\t<a class=\"elementor-post__read-more\" href=\"https:\/\/www.metals.it\/sv\/aumentare-durata-assiemi-complessi-acciaio-inox\/\" aria-label=\"L\u00e4s mer om Acciaio inox nei manufatti: come aumentarne la durata?\" tabindex=\"-1\" >\n\t\t\tL\u00e4s mer p\u00e5 engelska\t\t<\/a>\n\n\t\t\t\t<\/div>\n\t\t\t\t<\/article>\n\t\t\t\t<article class=\"elementor-post elementor-grid-item post-61078 post type-post status-publish format-standard has-post-thumbnail hentry category-approfondimenti category-green-mission\" role=\"listitem\">\n\t\t\t\t<div class=\"elementor-post__text\">\n\t\t\t\t<div class=\"elementor-post__title\">\n\t\t\t<a href=\"https:\/\/www.metals.it\/sv\/metals-risultati-sostenibilita-2023\/\" >\n\t\t\t\tMetalls ekologiska fotavtryck och n\u00e4sta steg f\u00f6r milj\u00f6n\t\t\t<\/a>\n\t\t<\/div>\n\t\t\t\t<div class=\"elementor-post__excerpt\">\n\t\t\t<p>Milj\u00f6n \u00e4r en fr\u00e5ga som ligger oss varmt om hj\u00e4rtat. Det \u00e4r d\u00e4rf\u00f6r vi p\u00e5 Metal's under 2024 har beslutat att ut\u00f6ka v\u00e5rt Green Mission genom att lansera tv\u00e5 nya h\u00e5llbarhetsprojekt: Ambiti\u00f6sa m\u00e5l, som vi beskrev i detalj under presentationen av v\u00e5r tv\u00e5\u00e5rsplan f\u00f6r h\u00e5llbar utveckling, och som<\/p>\n\t\t<\/div>\n\t\t\n\t\t<a class=\"elementor-post__read-more\" href=\"https:\/\/www.metals.it\/sv\/metals-risultati-sostenibilita-2023\/\" aria-label=\"L\u00e4s mer om L&#8217;impronta ecologica di Metal&#8217;s e i prossimi step per l&#8217;ambiente\" tabindex=\"-1\" >\n\t\t\tL\u00e4s mer p\u00e5 engelska\t\t<\/a>\n\n\t\t\t\t<\/div>\n\t\t\t\t<\/article>\n\t\t\t\t<article class=\"elementor-post elementor-grid-item post-24014 post type-post status-publish format-standard has-post-thumbnail hentry category-green-mission category-news\" role=\"listitem\">\n\t\t\t\t<div class=\"elementor-post__text\">\n\t\t\t\t<div class=\"elementor-post__title\">\n\t\t\t<a href=\"https:\/\/www.metals.it\/sv\/abbiamo-il-nostro-generatore-per-la-produzione-autonoma-di-azoto\/\" >\n\t\t\t\tVi har v\u00e5r egen generator f\u00f6r autonom kv\u00e4veproduktion\t\t\t<\/a>\n\t\t<\/div>\n\t\t\t\t<div class=\"elementor-post__excerpt\">\n\t\t\t<p>I samband med utbyggnaden av solcellsanl\u00e4ggningen och fr\u00e4mst f\u00f6r att f\u00e5 stabilitet i gasproduktionskostnaderna \u00f6ver tid, startade vi f\u00f6r n\u00e5gra veckor sedan en ny anl\u00e4ggning f\u00f6r egenproduktion av kv\u00e4ve. Att alltid ha gasen tillg\u00e4nglig f\u00f6r att mata v\u00e5ra sk\u00e4rande anl\u00e4ggningar \u00e4r av yttersta vikt f\u00f6r oss och<\/p>\n\t\t<\/div>\n\t\t\n\t\t<a class=\"elementor-post__read-more\" href=\"https:\/\/www.metals.it\/sv\/abbiamo-il-nostro-generatore-per-la-produzione-autonoma-di-azoto\/\" aria-label=\"L\u00e4s mer om Abbiamo il nostro generatore per la produzione autonoma di azoto\" tabindex=\"-1\" >\n\t\t\tL\u00e4s mer p\u00e5 engelska\t\t<\/a>\n\n\t\t\t\t<\/div>\n\t\t\t\t<\/article>\n\t\t\t\t<\/div>\n\t\t\n\t\t\t\t\t\t<\/div>\n\t\t\t\t<\/div>\n\t\t\t\t\t<\/div>\n\t\t\t\t<\/div>\n\t\t\t\t<\/div>","protected":false},"excerpt":{"rendered":"<p>In Metal\u2019s abbiamo scelto di adottare e implementare buone pratiche sostenibili da diversi anni. Siamo partiti dai piccoli gesti di tutti i giorni, come la raccolta differenziata dei rifiuti e la riduzione degli imballaggi in plastica, fino ad attuare politiche di risparmio energetico con l\u2019installazione di pannelli fotovoltaici, macchinari ibridi, un generatore di azoto e [&hellip;]<\/p>\n","protected":false},"author":1,"featured_media":0,"parent":0,"menu_order":0,"comment_status":"closed","ping_status":"closed","template":"","meta":{"_acf_changed":false,"footnotes":""},"class_list":["post-2863","page","type-page","status-publish","hentry"],"acf":[],"_links":{"self":[{"href":"https:\/\/www.metals.it\/sv\/wp-json\/wp\/v2\/pages\/2863","targetHints":{"allow":["GET"]}}],"collection":[{"href":"https:\/\/www.metals.it\/sv\/wp-json\/wp\/v2\/pages"}],"about":[{"href":"https:\/\/www.metals.it\/sv\/wp-json\/wp\/v2\/types\/page"}],"author":[{"embeddable":true,"href":"https:\/\/www.metals.it\/sv\/wp-json\/wp\/v2\/users\/1"}],"replies":[{"embeddable":true,"href":"https:\/\/www.metals.it\/sv\/wp-json\/wp\/v2\/comments?post=2863"}],"version-history":[{"count":0,"href":"https:\/\/www.metals.it\/sv\/wp-json\/wp\/v2\/pages\/2863\/revisions"}],"wp:attachment":[{"href":"https:\/\/www.metals.it\/sv\/wp-json\/wp\/v2\/media?parent=2863"}],"curies":[{"name":"wp","href":"https:\/\/api.w.org\/{rel}","templated":true}]}}