{"id":2863,"date":"2022-03-03T15:00:34","date_gmt":"2022-03-03T15:00:34","guid":{"rendered":"http:\/\/metals"},"modified":"2025-04-02T11:52:48","modified_gmt":"2025-04-02T09:52:48","slug":"green-mission","status":"publish","type":"page","link":"https:\/\/www.metals.it\/fr\/green-mission\/","title":{"rendered":"Green Mission"},"content":{"rendered":"<div data-elementor-type=\"wp-page\" data-elementor-id=\"2863\" class=\"elementor elementor-2863\" data-elementor-post-type=\"page\">\n\t\t\t\t<div class=\"elementor-element elementor-element-7facb89 e-con-full e-flex elementor-invisible e-con e-parent\" data-id=\"7facb89\" data-element_type=\"container\" data-e-type=\"container\" data-settings=\"{&quot;animation&quot;:&quot;fadeIn&quot;}\">\n\t\t\t\t<div class=\"elementor-element elementor-element-3c7c1d4 elementor-widget elementor-widget-image\" data-id=\"3c7c1d4\" data-element_type=\"widget\" data-e-type=\"widget\" data-widget_type=\"image.default\">\n\t\t\t\t<div class=\"elementor-widget-container\">\n\t\t\t\t\t\t\t\t\t\t\t\t\t\t\t<img fetchpriority=\"high\" decoding=\"async\" width=\"1536\" height=\"412\" src=\"https:\/\/www.metals.it\/wp-content\/smush-webp\/2024\/03\/Metals-GreenMission.jpg.webp\" class=\"attachment-full size-full wp-image-51143\" alt=\"M\u00e9taux GreenMission\" srcset=\"https:\/\/www.metals.it\/wp-content\/smush-webp\/2024\/03\/Metals-GreenMission.jpg.webp 1536w, https:\/\/www.metals.it\/wp-content\/smush-webp\/2024\/03\/Metals-GreenMission-300x80.jpg.webp 300w, https:\/\/www.metals.it\/wp-content\/smush-webp\/2024\/03\/Metals-GreenMission-1024x275.jpg.webp 1024w, https:\/\/www.metals.it\/wp-content\/smush-webp\/2024\/03\/Metals-GreenMission-768x206.jpg.webp 768w, https:\/\/www.metals.it\/wp-content\/smush-webp\/2024\/03\/Metals-GreenMission-18x5.jpg.webp 18w\" sizes=\"(max-width: 1536px) 100vw, 1536px\" data-smush-webp-fallback=\"{&quot;src&quot;:&quot;https:\\\/\\\/www.metals.it\\\/wp-content\\\/uploads\\\/2024\\\/03\\\/Metals-GreenMission.jpg&quot;,&quot;srcset&quot;:&quot;https:\\\/\\\/www.metals.it\\\/wp-content\\\/uploads\\\/2024\\\/03\\\/Metals-GreenMission.jpg 1536w, https:\\\/\\\/www.metals.it\\\/wp-content\\\/uploads\\\/2024\\\/03\\\/Metals-GreenMission-300x80.jpg 300w, https:\\\/\\\/www.metals.it\\\/wp-content\\\/uploads\\\/2024\\\/03\\\/Metals-GreenMission-1024x275.jpg 1024w, https:\\\/\\\/www.metals.it\\\/wp-content\\\/uploads\\\/2024\\\/03\\\/Metals-GreenMission-768x206.jpg 768w, https:\\\/\\\/www.metals.it\\\/wp-content\\\/uploads\\\/2024\\\/03\\\/Metals-GreenMission-18x5.jpg 18w&quot;}\" \/>\t\t\t\t\t\t\t\t\t\t\t\t\t\t\t<\/div>\n\t\t\t\t<\/div>\n\t\t\t\t<\/div>\n\t\t<div class=\"elementor-element elementor-element-420cc33 e-flex e-con-boxed e-con e-parent\" data-id=\"420cc33\" data-element_type=\"container\" data-e-type=\"container\">\n\t\t\t\t\t<div class=\"e-con-inner\">\n\t\t<div class=\"elementor-element elementor-element-ed5966c e-flex e-con-boxed e-con e-child\" data-id=\"ed5966c\" data-element_type=\"container\" data-e-type=\"container\" data-settings=\"{&quot;background_background&quot;:&quot;classic&quot;}\">\n\t\t\t\t\t<div class=\"e-con-inner\">\n\t\t\t\t<div class=\"elementor-element elementor-element-a50f205 elementor-widget elementor-widget-heading\" data-id=\"a50f205\" data-element_type=\"widget\" data-e-type=\"widget\" data-widget_type=\"heading.default\">\n\t\t\t\t<div class=\"elementor-widget-container\">\n\t\t\t\t\t<h1 class=\"elementor-heading-title elementor-size-default\">Green Mission<\/h1>\t\t\t\t<\/div>\n\t\t\t\t<\/div>\n\t\t\t\t<div class=\"elementor-element elementor-element-0f6b089 elementor-widget elementor-widget-shortcode\" data-id=\"0f6b089\" data-element_type=\"widget\" data-e-type=\"widget\" data-widget_type=\"shortcode.default\">\n\t\t\t\t<div class=\"elementor-widget-container\">\n\t\t\t\t\t\t\t<div class=\"elementor-shortcode\"><\/div>\n\t\t\t\t\t\t<\/div>\n\t\t\t\t<\/div>\n\t\t\t\t\t<\/div>\n\t\t\t\t<\/div>\n\t\t\t\t\t<\/div>\n\t\t\t\t<\/div>\n\t\t<div class=\"elementor-element elementor-element-01f1746 e-con-full e-flex e-con e-parent\" data-id=\"01f1746\" data-element_type=\"container\" data-e-type=\"container\">\n\t\t\t\t<div class=\"elementor-element elementor-element-e9b0f5b elementor-widget elementor-widget-text-editor\" data-id=\"e9b0f5b\" data-element_type=\"widget\" data-e-type=\"widget\" data-widget_type=\"text-editor.default\">\n\t\t\t\t<div class=\"elementor-widget-container\">\n\t\t\t\t\t\t\t\t\t<p>Chez Metal's, nous avons choisi d'adopter et de mettre en \u0153uvre de bonnes pratiques durables depuis plusieurs ann\u00e9es.<\/p><p>Nous sommes partis de petits gestes quotidiens, comme le tri des d\u00e9chets et la r\u00e9duction des emballages plastiques, pour mettre en \u0153uvre des politiques d'\u00e9conomie d'\u00e9nergie avec l'installation de panneaux photovolta\u00efques, de machines hybrides, d'un g\u00e9n\u00e9rateur d'azote et la mise en place d'un syst\u00e8me certifi\u00e9 de gestion de l'environnement.<\/p><p>Ceci, conform\u00e9ment aux lignes directrices de la norme ISO 14001, nous permet de <strong>assurer un suivi constant de l'impact de nos activit\u00e9s sur l'environnement<\/strong>la recherche syst\u00e9matique d'une am\u00e9lioration continue, coh\u00e9rente, efficace et surtout durable.<\/p><p>Des investissements qui nous ont permis de produire de l'\u00e9nergie verte et de r\u00e9duire nos \u00e9missions de CO2 dans l'atmosph\u00e8re, au point d'atteindre une autonomie \u00e9nerg\u00e9tique presque totale. La prochaine \u00e9tape, dont nous sommes enthousiastes et fiers, est la suivante <strong>mesurer notre \"empreinte carbone<\/strong> et publier, en 2025, le premier rapport sur le d\u00e9veloppement durable de Metal : un choix n\u00e9 \u00e9galement de la pression de nos clients, qui sont de plus en plus sensibles \u00e0 la durabilit\u00e9 environnementale et aux questions ESG en g\u00e9n\u00e9ral.<\/p><p><strong>La voie est ambitieuse et est d\u00e9j\u00e0 planifi\u00e9e pour les deux prochaines ann\u00e9es.<\/strong>et est la cons\u00e9quence naturelle des choix \u00e9cologiques qui nous ont conduits aux r\u00e9sultats d'aujourd'hui.<\/p>\t\t\t\t\t\t\t\t<\/div>\n\t\t\t\t<\/div>\n\t\t\t\t<div class=\"elementor-element elementor-element-d255c61 elementor-widget elementor-widget-heading\" data-id=\"d255c61\" data-element_type=\"widget\" data-e-type=\"widget\" data-widget_type=\"heading.default\">\n\t\t\t\t<div class=\"elementor-widget-container\">\n\t\t\t\t\t<h2 class=\"elementor-heading-title elementor-size-default\">Empreinte carbone<\/h2>\t\t\t\t<\/div>\n\t\t\t\t<\/div>\n\t\t\t\t<div class=\"elementor-element elementor-element-7057489 elementor-widget elementor-widget-text-editor\" data-id=\"7057489\" data-element_type=\"widget\" data-e-type=\"widget\" data-widget_type=\"text-editor.default\">\n\t\t\t\t<div class=\"elementor-widget-container\">\n\t\t\t\t\t\t\t\t\t<p>Nous avons commenc\u00e9 par mesurer notre empreinte carbone, c'est-\u00e0-dire la quantit\u00e9 de CO2 \u00e9mise dans l'atmosph\u00e8re par Metal's, \u00e0 la fois directement et indirectement, afin de <strong>\u00e9laborer un plan de d\u00e9veloppement durable qui nous permettra de r\u00e9duire encore davantage notre impact sur l'environnement<\/strong>.<\/p><p>Une analyse qui implique les fournisseurs de Metal's mais aussi les n\u00f4tres, qui sont appel\u00e9s \u00e0 d\u00e9montrer leur engagement en faveur de la durabilit\u00e9 environnementale.<\/p><p><b>La mission verte du m\u00e9tal est, aujourd'hui plus que jamais, en constante \u00e9volution.<\/b><\/p>\t\t\t\t\t\t\t\t<\/div>\n\t\t\t\t<\/div>\n\t\t\t\t<div class=\"elementor-element elementor-element-26a12d0 elementor-invisible elementor-widget elementor-widget-image\" data-id=\"26a12d0\" data-element_type=\"widget\" data-e-type=\"widget\" data-settings=\"{&quot;_animation&quot;:&quot;fadeIn&quot;}\" data-widget_type=\"image.default\">\n\t\t\t\t<div class=\"elementor-widget-container\">\n\t\t\t\t\t\t\t\t\t\t\t\t\t\t\t<img decoding=\"async\" width=\"1933\" height=\"707\" src=\"https:\/\/www.metals.it\/wp-content\/smush-webp\/2024\/08\/infografica-2-risultati.png.webp\" class=\"attachment-full size-full wp-image-61993\" alt=\"infographie 2 r\u00e9sultats\" srcset=\"https:\/\/www.metals.it\/wp-content\/smush-webp\/2024\/08\/infografica-2-risultati.png.webp 1933w, https:\/\/www.metals.it\/wp-content\/smush-webp\/2024\/08\/infografica-2-risultati-300x110.png.webp 300w, https:\/\/www.metals.it\/wp-content\/smush-webp\/2024\/08\/infografica-2-risultati-1024x375.png.webp 1024w, https:\/\/www.metals.it\/wp-content\/smush-webp\/2024\/08\/infografica-2-risultati-768x281.png.webp 768w, https:\/\/www.metals.it\/wp-content\/smush-webp\/2024\/08\/infografica-2-risultati-1536x562.png.webp 1536w, https:\/\/www.metals.it\/wp-content\/smush-webp\/2024\/08\/infografica-2-risultati-18x7.png.webp 18w\" sizes=\"auto, (max-width: 1933px) 100vw, 1933px\" loading=\"lazy\" data-smush-webp-fallback=\"{&quot;src&quot;:&quot;https:\\\/\\\/www.metals.it\\\/wp-content\\\/uploads\\\/2024\\\/08\\\/infografica-2-risultati.png&quot;,&quot;srcset&quot;:&quot;https:\\\/\\\/www.metals.it\\\/wp-content\\\/uploads\\\/2024\\\/08\\\/infografica-2-risultati.png 1933w, https:\\\/\\\/www.metals.it\\\/wp-content\\\/uploads\\\/2024\\\/08\\\/infografica-2-risultati-300x110.png 300w, https:\\\/\\\/www.metals.it\\\/wp-content\\\/uploads\\\/2024\\\/08\\\/infografica-2-risultati-1024x375.png 1024w, https:\\\/\\\/www.metals.it\\\/wp-content\\\/uploads\\\/2024\\\/08\\\/infografica-2-risultati-768x281.png 768w, https:\\\/\\\/www.metals.it\\\/wp-content\\\/uploads\\\/2024\\\/08\\\/infografica-2-risultati-1536x562.png 1536w, https:\\\/\\\/www.metals.it\\\/wp-content\\\/uploads\\\/2024\\\/08\\\/infografica-2-risultati-18x7.png 18w&quot;}\" \/>\t\t\t\t\t\t\t\t\t\t\t\t\t\t\t<\/div>\n\t\t\t\t<\/div>\n\t\t\t\t<\/div>\n\t\t<div class=\"elementor-element elementor-element-524a840 e-flex e-con-boxed e-con e-parent\" data-id=\"524a840\" data-element_type=\"container\" data-e-type=\"container\">\n\t\t\t\t\t<div class=\"e-con-inner\">\n\t\t\t\t<div class=\"elementor-element elementor-element-887ffc9 elementor-grid-1 elementor-posts--thumbnail-none elementor-posts--align-left elementor-grid-tablet-2 elementor-grid-mobile-1 elementor-widget elementor-widget-posts\" data-id=\"887ffc9\" data-element_type=\"widget\" data-e-type=\"widget\" data-settings=\"{&quot;classic_columns&quot;:&quot;1&quot;,&quot;classic_row_gap&quot;:{&quot;unit&quot;:&quot;px&quot;,&quot;size&quot;:20,&quot;sizes&quot;:[]},&quot;classic_columns_tablet&quot;:&quot;2&quot;,&quot;classic_columns_mobile&quot;:&quot;1&quot;,&quot;classic_row_gap_tablet&quot;:{&quot;unit&quot;:&quot;px&quot;,&quot;size&quot;:&quot;&quot;,&quot;sizes&quot;:[]},&quot;classic_row_gap_mobile&quot;:{&quot;unit&quot;:&quot;px&quot;,&quot;size&quot;:&quot;&quot;,&quot;sizes&quot;:[]}}\" data-widget_type=\"posts.classic\">\n\t\t\t\t<div class=\"elementor-widget-container\">\n\t\t\t\t\t\t\t<div class=\"elementor-posts-container elementor-posts elementor-posts--skin-classic elementor-grid\" role=\"list\">\n\t\t\t\t<article class=\"elementor-post elementor-grid-item post-65726 post type-post status-publish format-standard has-post-thumbnail hentry category-approfondimenti category-green-mission\" role=\"listitem\">\n\t\t\t\t<div class=\"elementor-post__text\">\n\t\t\t\t<div class=\"elementor-post__title\">\n\t\t\t<a href=\"https:\/\/www.metals.it\/fr\/aumentare-durata-assiemi-complessi-acciaio-inox\/\" >\n\t\t\t\tL'acier inoxydable dans les produits manufactur\u00e9s : comment augmenter la durabilit\u00e9 ?\t\t\t<\/a>\n\t\t<\/div>\n\t\t\t\t<div class=\"elementor-post__excerpt\">\n\t\t\t<p>Augmenter la dur\u00e9e de vie d'objets et d'assemblages complexes en acier inoxydable est une option importante pour ceux qui souhaitent offrir des produits de haute qualit\u00e9 capables de r\u00e9sister \u00e0 l'usure et au temps. L'acier est en effet compos\u00e9 de quantit\u00e9s variables de m\u00e9taux tels que le fer et le carbone, ainsi que de nickel<\/p>\n\t\t<\/div>\n\t\t\n\t\t<a class=\"elementor-post__read-more\" href=\"https:\/\/www.metals.it\/fr\/aumentare-durata-assiemi-complessi-acciaio-inox\/\" aria-label=\"En savoir plus sur Acciaio inox nei manufatti: come aumentarne la durata?\" tabindex=\"-1\" >\n\t\t\tEn savoir plus\t\t<\/a>\n\n\t\t\t\t<\/div>\n\t\t\t\t<\/article>\n\t\t\t\t<article class=\"elementor-post elementor-grid-item post-61078 post type-post status-publish format-standard has-post-thumbnail hentry category-approfondimenti category-green-mission\" role=\"listitem\">\n\t\t\t\t<div class=\"elementor-post__text\">\n\t\t\t\t<div class=\"elementor-post__title\">\n\t\t\t<a href=\"https:\/\/www.metals.it\/fr\/metals-risultati-sostenibilita-2023\/\" >\n\t\t\t\tEmpreinte \u00e9cologique du m\u00e9tal et prochaines \u00e9tapes pour l'environnement\t\t\t<\/a>\n\t\t<\/div>\n\t\t\t\t<div class=\"elementor-post__excerpt\">\n\t\t\t<p>L'environnement est un sujet qui nous tient \u00e0 c\u0153ur. C'est pourquoi en 2024, chez Metal's, nous avons d\u00e9cid\u00e9 d'\u00e9largir notre mission verte en lan\u00e7ant deux nouveaux projets de d\u00e9veloppement durable : des objectifs ambitieux, que nous avons d\u00e9crits en d\u00e9tail lors de la pr\u00e9sentation de notre plan de d\u00e9veloppement durable sur deux ans, et que nous avons mis en \u0153uvre dans le cadre de notre strat\u00e9gie de d\u00e9veloppement durable.<\/p>\n\t\t<\/div>\n\t\t\n\t\t<a class=\"elementor-post__read-more\" href=\"https:\/\/www.metals.it\/fr\/metals-risultati-sostenibilita-2023\/\" aria-label=\"En savoir plus sur L&#8217;impronta ecologica di Metal&#8217;s e i prossimi step per l&#8217;ambiente\" tabindex=\"-1\" >\n\t\t\tEn savoir plus\t\t<\/a>\n\n\t\t\t\t<\/div>\n\t\t\t\t<\/article>\n\t\t\t\t<article class=\"elementor-post elementor-grid-item post-24014 post type-post status-publish format-standard has-post-thumbnail hentry category-green-mission category-news\" role=\"listitem\">\n\t\t\t\t<div class=\"elementor-post__text\">\n\t\t\t\t<div class=\"elementor-post__title\">\n\t\t\t<a href=\"https:\/\/www.metals.it\/fr\/abbiamo-il-nostro-generatore-per-la-produzione-autonoma-di-azoto\/\" >\n\t\t\t\tNous disposons de notre propre g\u00e9n\u00e9rateur pour la production autonome d'azote\t\t\t<\/a>\n\t\t<\/div>\n\t\t\t\t<div class=\"elementor-post__excerpt\">\n\t\t\t<p>Dans le cadre de l'expansion de la centrale photovolta\u00efque et principalement pour assurer la stabilit\u00e9 des co\u00fbts de production de gaz dans le temps, nous avons d\u00e9marr\u00e9 il y a quelques semaines une nouvelle installation pour l'autoproduction d'azote.<\/p>\n\t\t<\/div>\n\t\t\n\t\t<a class=\"elementor-post__read-more\" href=\"https:\/\/www.metals.it\/fr\/abbiamo-il-nostro-generatore-per-la-produzione-autonoma-di-azoto\/\" aria-label=\"En savoir plus sur Abbiamo il nostro generatore per la produzione autonoma di azoto\" tabindex=\"-1\" >\n\t\t\tEn savoir plus\t\t<\/a>\n\n\t\t\t\t<\/div>\n\t\t\t\t<\/article>\n\t\t\t\t<\/div>\n\t\t\n\t\t\t\t\t\t<\/div>\n\t\t\t\t<\/div>\n\t\t\t\t\t<\/div>\n\t\t\t\t<\/div>\n\t\t\t\t<\/div>","protected":false},"excerpt":{"rendered":"<p>In Metal\u2019s abbiamo scelto di adottare e implementare buone pratiche sostenibili da diversi anni. Siamo partiti dai piccoli gesti di tutti i giorni, come la raccolta differenziata dei rifiuti e la riduzione degli imballaggi in plastica, fino ad attuare politiche di risparmio energetico con l\u2019installazione di pannelli fotovoltaici, macchinari ibridi, un generatore di azoto e [&hellip;]<\/p>\n","protected":false},"author":1,"featured_media":0,"parent":0,"menu_order":0,"comment_status":"closed","ping_status":"closed","template":"","meta":{"_acf_changed":false,"footnotes":""},"class_list":["post-2863","page","type-page","status-publish","hentry"],"acf":[],"_links":{"self":[{"href":"https:\/\/www.metals.it\/fr\/wp-json\/wp\/v2\/pages\/2863","targetHints":{"allow":["GET"]}}],"collection":[{"href":"https:\/\/www.metals.it\/fr\/wp-json\/wp\/v2\/pages"}],"about":[{"href":"https:\/\/www.metals.it\/fr\/wp-json\/wp\/v2\/types\/page"}],"author":[{"embeddable":true,"href":"https:\/\/www.metals.it\/fr\/wp-json\/wp\/v2\/users\/1"}],"replies":[{"embeddable":true,"href":"https:\/\/www.metals.it\/fr\/wp-json\/wp\/v2\/comments?post=2863"}],"version-history":[{"count":0,"href":"https:\/\/www.metals.it\/fr\/wp-json\/wp\/v2\/pages\/2863\/revisions"}],"wp:attachment":[{"href":"https:\/\/www.metals.it\/fr\/wp-json\/wp\/v2\/media?parent=2863"}],"curies":[{"name":"wp","href":"https:\/\/api.w.org\/{rel}","templated":true}]}}